{"id":2,"date":"2024-03-15T14:42:04","date_gmt":"2024-03-15T14:42:04","guid":{"rendered":"https:\/\/iot.sumogarden.com\/?page_id=2"},"modified":"2026-03-07T10:57:54","modified_gmt":"2026-03-07T10:57:54","slug":"home","status":"publish","type":"page","link":"https:\/\/iot.sumogarden.com\/","title":{"rendered":"ioT Home"},"content":{"rendered":"<style>.kb-row-layout-id2_37b90f-aa > .kt-row-column-wrap{align-content:start;}:where(.kb-row-layout-id2_37b90f-aa > .kt-row-column-wrap) > .wp-block-kadence-column{justify-content:start;}.kb-row-layout-id2_37b90f-aa > .kt-row-column-wrap{column-gap:var(--global-kb-gap-md, 2rem);row-gap:var(--global-kb-gap-md, 2rem);padding-top:var(--global-kb-spacing-md, 2rem);padding-bottom:var(--global-kb-spacing-lg, 3rem);grid-template-columns:minmax(0, 1fr);}.kb-row-layout-id2_37b90f-aa{background-color:rgba(107,132,130,0.7);}.kb-row-layout-id2_37b90f-aa > .kt-row-layout-overlay{opacity:0.30;}@media all and (max-width: 1024px){.kb-row-layout-id2_37b90f-aa > .kt-row-column-wrap{grid-template-columns:minmax(0, 1fr);}}@media all and (max-width: 767px){.kb-row-layout-id2_37b90f-aa > .kt-row-column-wrap{grid-template-columns:minmax(0, 1fr);}}<\/style><div class=\"kb-row-layout-wrap kb-row-layout-id2_37b90f-aa alignnone kt-row-has-bg wp-block-kadence-rowlayout\"><div class=\"kt-row-column-wrap kt-has-1-columns kt-row-layout-equal kt-tab-layout-inherit kt-mobile-layout-row kt-row-valign-top\">\n<style>.kadence-column2_d04e9b-9c > .kt-inside-inner-col{display:flex;}.kadence-column2_d04e9b-9c > .kt-inside-inner-col,.kadence-column2_d04e9b-9c > .kt-inside-inner-col:before{border-top-left-radius:0px;border-top-right-radius:0px;border-bottom-right-radius:0px;border-bottom-left-radius:0px;}.kadence-column2_d04e9b-9c > .kt-inside-inner-col{column-gap:var(--global-kb-gap-sm, 1rem);}.kadence-column2_d04e9b-9c > .kt-inside-inner-col{flex-direction:column;justify-content:center;align-items:stretch;}.kadence-column2_d04e9b-9c > .kt-inside-inner-col > .kb-image-is-ratio-size{align-self:stretch;}.kadence-column2_d04e9b-9c > .kt-inside-inner-col > .wp-block-kadence-advancedgallery{align-self:stretch;}.kadence-column2_d04e9b-9c > .kt-inside-inner-col > .aligncenter{width:100%;}.kt-row-column-wrap > .kadence-column2_d04e9b-9c{align-self:center;}.kt-inner-column-height-full:not(.kt-has-1-columns) > .wp-block-kadence-column.kadence-column2_d04e9b-9c{align-self:auto;}.kt-inner-column-height-full:not(.kt-has-1-columns) > .wp-block-kadence-column.kadence-column2_d04e9b-9c > .kt-inside-inner-col{flex-direction:column;justify-content:center;}.kadence-column2_d04e9b-9c > .kt-inside-inner-col:before{opacity:0.3;}.kadence-column2_d04e9b-9c{text-align:center;}.kadence-column2_d04e9b-9c{position:relative;}@media all and (max-width: 1024px){.kt-row-column-wrap > .kadence-column2_d04e9b-9c{align-self:center;}}@media all and (max-width: 1024px){.kt-inner-column-height-full:not(.kt-has-1-columns) > .wp-block-kadence-column.kadence-column2_d04e9b-9c{align-self:auto;}}@media all and (max-width: 1024px){.kt-inner-column-height-full:not(.kt-has-1-columns) > .wp-block-kadence-column.kadence-column2_d04e9b-9c > .kt-inside-inner-col{flex-direction:column;justify-content:center;}}@media all and (max-width: 1024px){.kadence-column2_d04e9b-9c > .kt-inside-inner-col{flex-direction:column;justify-content:center;align-items:stretch;}}@media all and (max-width: 767px){.kt-row-column-wrap > .kadence-column2_d04e9b-9c{align-self:center;}.kt-inner-column-height-full:not(.kt-has-1-columns) > .wp-block-kadence-column.kadence-column2_d04e9b-9c{align-self:auto;}.kt-inner-column-height-full:not(.kt-has-1-columns) > .wp-block-kadence-column.kadence-column2_d04e9b-9c > .kt-inside-inner-col{flex-direction:column;justify-content:center;}.kadence-column2_d04e9b-9c > .kt-inside-inner-col{flex-direction:column;justify-content:center;align-items:stretch;}}<\/style>\n<div class=\"wp-block-kadence-column kadence-column2_d04e9b-9c\"><div class=\"kt-inside-inner-col\"><style>.kb-row-layout-id2_3c58ec-dd > .kt-row-column-wrap{align-content:start;}:where(.kb-row-layout-id2_3c58ec-dd > .kt-row-column-wrap) > .wp-block-kadence-column{justify-content:start;}.kb-row-layout-id2_3c58ec-dd > .kt-row-column-wrap{column-gap:var(--global-kb-gap-md, 2rem);row-gap:var(--global-kb-gap-md, 2rem);padding-top:var(--global-kb-spacing-sm, 1.5rem);padding-bottom:var(--global-kb-spacing-sm, 1.5rem);grid-template-columns:minmax(0, 1fr);}.kb-row-layout-id2_3c58ec-dd > .kt-row-layout-overlay{opacity:0.30;}@media all and (max-width: 1024px){.kb-row-layout-id2_3c58ec-dd > .kt-row-column-wrap{grid-template-columns:minmax(0, 1fr);}}@media all and (max-width: 767px){.kb-row-layout-id2_3c58ec-dd > .kt-row-column-wrap{grid-template-columns:minmax(0, 1fr);}}<\/style><div class=\"kb-row-layout-wrap kb-row-layout-id2_3c58ec-dd alignnone wp-block-kadence-rowlayout\"><div class=\"kt-row-column-wrap kt-has-1-columns kt-row-layout-equal kt-tab-layout-inherit kt-mobile-layout-row kt-row-valign-top\">\n<style>.kadence-column2_8e6aae-62 > .kt-inside-inner-col{display:flex;}.kadence-column2_8e6aae-62 > .kt-inside-inner-col,.kadence-column2_8e6aae-62 > .kt-inside-inner-col:before{border-top-left-radius:0px;border-top-right-radius:0px;border-bottom-right-radius:0px;border-bottom-left-radius:0px;}.kadence-column2_8e6aae-62 > .kt-inside-inner-col{column-gap:var(--global-kb-gap-sm, 1rem);}.kadence-column2_8e6aae-62 > .kt-inside-inner-col{flex-direction:column;align-items:center;}.kadence-column2_8e6aae-62 > .kt-inside-inner-col > .kb-image-is-ratio-size{align-self:stretch;}.kadence-column2_8e6aae-62 > .kt-inside-inner-col > .wp-block-kadence-advancedgallery{align-self:stretch;}.kadence-column2_8e6aae-62 > .kt-inside-inner-col > .aligncenter{width:100%;}.kadence-column2_8e6aae-62 > .kt-inside-inner-col:before{opacity:0.3;}.kadence-column2_8e6aae-62{position:relative;}@media all and (max-width: 1024px){.kadence-column2_8e6aae-62 > .kt-inside-inner-col{flex-direction:column;justify-content:center;align-items:center;}}@media all and (max-width: 767px){.kadence-column2_8e6aae-62 > .kt-inside-inner-col{flex-direction:column;justify-content:center;align-items:center;}}<\/style>\n<div class=\"wp-block-kadence-column kadence-column2_8e6aae-62\"><div class=\"kt-inside-inner-col\">    <div class=\"sumo-iotdash\" data-api-base=\"https:\/\/api.sumogarden.cloud\" data-device-id=\"tower-001\" data-poll-ms=\"2000\">\n        <div class=\"sumo-iotdash__shell\">\n            <div class=\"sumo-iotdash__hero\">\n                <div>\n                    <div class=\"sumo-iotdash__eyebrow\">SumoGarden Tower<\/div>\n                    <div class=\"sumo-iotdash__title-row\">\n                        <h3 class=\"sumo-iotdash__title\">Live Control Panel<\/h3>\n                        <span class=\"sumo-iotdash__online-pill\" data-k=\"connection_badge\">Checking\u2026<\/span>\n                    <\/div>\n                    <div class=\"sumo-iotdash__subtitle\"><span class=\"sumo-iotdash__device\"><\/span><\/div>\n                <\/div>\n                <button type=\"button\" class=\"sumo-iotdash__iconbtn sumo-iotdash__refresh\" aria-label=\"Refresh\">\n                    <span>\u21bb<\/span>\n                <\/button>\n            <\/div>\n\n            <div class=\"sumo-iotdash__topstats\">\n                <div class=\"sumo-iotdash__statcard\">\n                    <div class=\"label\">Last Seen<\/div>\n                    <div class=\"value\" data-k=\"last_seen\">-<\/div>\n                <\/div>\n                <div class=\"sumo-iotdash__statcard\">\n                    <div class=\"label\">Updated<\/div>\n                    <div class=\"value\" data-k=\"updated_at\">-<\/div>\n                <\/div>\n                <div class=\"sumo-iotdash__statcard\">\n                    <div class=\"label\">Device Status<\/div>\n                    <div class=\"value\" data-k=\"device_status_text\">Checking\u2026<\/div>\n                <\/div>\n            <\/div>\n\n            <div class=\"sumo-iotdash__controls compact\">\n                <div class=\"sumo-iotdash__sectionhead\">\n                    <h4>Relay Switches<\/h4>\n                    <p>NodeMCU komutlar\u0131 an\u0131nda queue edilir.<\/p>\n                <\/div>\n\n                <div class=\"sumo-iotdash__relaylist\">\n                                            <div class=\"sumo-iotdash__relayrow\" data-relay-row=\"r1\">\n                            <div class=\"sumo-iotdash__relaymeta\">\n                                <div class=\"name\">Grow Light 1<\/div>\n                                <div class=\"sub\">R1<\/div>\n                            <\/div>\n                            <div class=\"sumo-iotdash__relayactions\">\n                                <div class=\"sumo-iotdash__relaystate is-unknown\" data-k=\"r1_state_badge\">\n                                    <span class=\"sumo-iotdash__relaystate-dot\"><\/span>\n                                    <span data-k=\"r1_text\">Unknown<\/span>\n                                <\/div>\n                                <label class=\"sumo-switch\" aria-label=\"Toggle r1\">\n                                    <input type=\"checkbox\" class=\"sumo-iotdash__toggle\" data-relay=\"r1\" \/>\n                                    <span class=\"sumo-switch__ui\"><\/span>\n                                <\/label>\n                            <\/div>\n                        <\/div>\n                                            <div class=\"sumo-iotdash__relayrow\" data-relay-row=\"r2\">\n                            <div class=\"sumo-iotdash__relaymeta\">\n                                <div class=\"name\">Grow Light 2<\/div>\n                                <div class=\"sub\">R2<\/div>\n                            <\/div>\n                            <div class=\"sumo-iotdash__relayactions\">\n                                <div class=\"sumo-iotdash__relaystate is-unknown\" data-k=\"r2_state_badge\">\n                                    <span class=\"sumo-iotdash__relaystate-dot\"><\/span>\n                                    <span data-k=\"r2_text\">Unknown<\/span>\n                                <\/div>\n                                <label class=\"sumo-switch\" aria-label=\"Toggle r2\">\n                                    <input type=\"checkbox\" class=\"sumo-iotdash__toggle\" data-relay=\"r2\" \/>\n                                    <span class=\"sumo-switch__ui\"><\/span>\n                                <\/label>\n                            <\/div>\n                        <\/div>\n                                            <div class=\"sumo-iotdash__relayrow\" data-relay-row=\"r3\">\n                            <div class=\"sumo-iotdash__relaymeta\">\n                                <div class=\"name\">Pump \/ Aux<\/div>\n                                <div class=\"sub\">R3<\/div>\n                            <\/div>\n                            <div class=\"sumo-iotdash__relayactions\">\n                                <div class=\"sumo-iotdash__relaystate is-unknown\" data-k=\"r3_state_badge\">\n                                    <span class=\"sumo-iotdash__relaystate-dot\"><\/span>\n                                    <span data-k=\"r3_text\">Unknown<\/span>\n                                <\/div>\n                                <label class=\"sumo-switch\" aria-label=\"Toggle r3\">\n                                    <input type=\"checkbox\" class=\"sumo-iotdash__toggle\" data-relay=\"r3\" \/>\n                                    <span class=\"sumo-switch__ui\"><\/span>\n                                <\/label>\n                            <\/div>\n                        <\/div>\n                                    <\/div>\n            <\/div>\n\n            <div class=\"sumo-iotdash__compact-panel\">\n                <div class=\"sumo-iotdash__sectionhead\">\n                    <h4>Device Snapshot<\/h4>\n                    <p>Ek state alanlar\u0131 kompakt etiketlerde g\u00f6r\u00fcn\u00fcr.<\/p>\n                <\/div>\n                <div class=\"sumo-iotdash__chips\" data-k=\"chips_wrap\"><\/div>\n            <\/div>\n\n            <div class=\"sumo-iotdash__compact-panel\">\n                <div class=\"sumo-iotdash__sectionhead\">\n                    <h4>Activity<\/h4>\n                    <p>Komutlar ve cihaz geri bildirimleri tek ak\u0131\u015fta tutulur.<\/p>\n                <\/div>\n                <div class=\"sumo-iotdash__feed\" data-k=\"activity_feed\">\n                    <div class=\"sumo-iotdash__feeditem is-muted\">Waiting for device data\u2026<\/div>\n                <\/div>\n            <\/div>\n\n            <div class=\"sumo-iotdash__statusbar\">\n                <span class=\"sumo-iotdash__statusdot\"><\/span>\n                <span class=\"sumo-iotdash__status\" data-k=\"status\">Ready<\/span>\n            <\/div>\n        <\/div>\n    <\/div>\n    \n<\/div><\/div>\n\n<\/div><\/div><\/div><\/div>\n\n<\/div><\/div>","protected":false},"excerpt":{"rendered":"","protected":false},"author":1,"featured_media":0,"parent":0,"menu_order":0,"comment_status":"closed","ping_status":"open","template":"","meta":{"_kad_post_transparent":"disable","_kad_post_title":"hide","_kad_post_layout":"fullwidth","_kad_post_sidebar_id":"","_kad_post_content_style":"unboxed","_kad_post_vertical_padding":"hide","_kad_post_feature":"hide","_kad_post_feature_position":"","_kad_post_header":false,"_kad_post_footer":false,"_kad_post_classname":"","footnotes":""},"class_list":["post-2","page","type-page","status-publish","hentry"],"_links":{"self":[{"href":"https:\/\/iot.sumogarden.com\/index.php\/wp-json\/wp\/v2\/pages\/2","targetHints":{"allow":["GET"]}}],"collection":[{"href":"https:\/\/iot.sumogarden.com\/index.php\/wp-json\/wp\/v2\/pages"}],"about":[{"href":"https:\/\/iot.sumogarden.com\/index.php\/wp-json\/wp\/v2\/types\/page"}],"author":[{"embeddable":true,"href":"https:\/\/iot.sumogarden.com\/index.php\/wp-json\/wp\/v2\/users\/1"}],"replies":[{"embeddable":true,"href":"https:\/\/iot.sumogarden.com\/index.php\/wp-json\/wp\/v2\/comments?post=2"}],"version-history":[{"count":7,"href":"https:\/\/iot.sumogarden.com\/index.php\/wp-json\/wp\/v2\/pages\/2\/revisions"}],"predecessor-version":[{"id":138,"href":"https:\/\/iot.sumogarden.com\/index.php\/wp-json\/wp\/v2\/pages\/2\/revisions\/138"}],"wp:attachment":[{"href":"https:\/\/iot.sumogarden.com\/index.php\/wp-json\/wp\/v2\/media?parent=2"}],"curies":[{"name":"wp","href":"https:\/\/api.w.org\/{rel}","templated":true}]}}